{"id":174,"date":"2020-12-05T09:51:39","date_gmt":"2020-12-05T09:51:39","guid":{"rendered":"https:\/\/amtexinsurance.com\/?page_id=174"},"modified":"2025-08-29T21:15:47","modified_gmt":"2025-08-29T21:15:47","slug":"seguro-de-auto-odessa-tx","status":"publish","type":"page","link":"https:\/\/amtexinsurance.com\/es\/auto-insurance-odessa-tx\/","title":{"rendered":"Seguro De Auto Odessa TX"},"content":{"rendered":"<div data-elementor-type=\"wp-page\" data-elementor-id=\"174\" class=\"elementor elementor-174\" data-elementor-settings=\"{&quot;ha_cmc_init_switcher&quot;:&quot;no&quot;}\">\n\t\t\t\t\t\t<section class=\"elementor-section elementor-top-section elementor-element elementor-element-5c8de70 elementor-section-full_width elementor-section-height-min-height elementor-section-content-middle elementor-section-height-default elementor-section-items-middle\" data-id=\"5c8de70\" data-element_type=\"section\" data-settings=\"{&quot;background_background&quot;:&quot;classic&quot;,&quot;_ha_eqh_enable&quot;:false}\">\n\t\t\t\t\t\t\t<div class=\"elementor-background-overlay\"><\/div>\n\t\t\t\t\t\t\t<div class=\"elementor-container elementor-column-gap-default\">\n\t\t\t\t\t<div class=\"elementor-column elementor-col-100 elementor-top-column elementor-element elementor-element-a1cc75e\" data-id=\"a1cc75e\" data-element_type=\"column\">\n\t\t\t<div class=\"elementor-widget-wrap elementor-element-populated\">\n\t\t\t\t\t\t<div class=\"elementor-element elementor-element-3ad9254 elementor-align-center elementor-widget elementor-widget-breadcrumbs\" data-id=\"3ad9254\" data-element_type=\"widget\" data-widget_type=\"breadcrumbs.default\">\n\t\t\t\t<div class=\"elementor-widget-container\">\n\t\t\t<p id=\"breadcrumbs\"><span><span><a href=\"https:\/\/amtexinsurance.com\/es\/\">Hogar<\/a><\/span><\/span><\/p>\t\t<\/div>\n\t\t\t\t<\/div>\n\t\t\t\t\t<\/div>\n\t\t<\/div>\n\t\t\t\t\t<\/div>\n\t\t<\/section>\n\t\t\t\t<section class=\"elementor-section elementor-top-section elementor-element elementor-element-e0df23f elementor-section-full_width elementor-section-height-default elementor-section-height-default\" data-id=\"e0df23f\" data-element_type=\"section\" data-settings=\"{&quot;_ha_eqh_enable&quot;:false}\">\n\t\t\t\t\t\t<div class=\"elementor-container elementor-column-gap-default\">\n\t\t\t\t\t<div class=\"elementor-column elementor-col-100 elementor-top-column elementor-element elementor-element-0eb5893\" data-id=\"0eb5893\" data-element_type=\"column\">\n\t\t\t<div class=\"elementor-widget-wrap elementor-element-populated\">\n\t\t\t\t\t\t<section class=\"elementor-section elementor-inner-section elementor-element elementor-element-9198628 elementor-section-boxed elementor-section-height-default elementor-section-height-default\" data-id=\"9198628\" data-element_type=\"section\" data-settings=\"{&quot;_ha_eqh_enable&quot;:false}\">\n\t\t\t\t\t\t<div class=\"elementor-container elementor-column-gap-default\">\n\t\t\t\t\t<div class=\"elementor-column elementor-col-100 elementor-inner-column elementor-element elementor-element-9ed6d1e\" data-id=\"9ed6d1e\" data-element_type=\"column\">\n\t\t\t<div class=\"elementor-widget-wrap elementor-element-populated\">\n\t\t\t\t\t\t<div class=\"elementor-element elementor-element-c7b910e elementor-widget elementor-widget-heading\" data-id=\"c7b910e\" data-element_type=\"widget\" data-widget_type=\"heading.default\">\n\t\t\t\t<div class=\"elementor-widget-container\">\n\t\t\t<h2 class=\"elementor-heading-title elementor-size-default\">Seguro Amtex en Odessa, Texas<\/h2>\t\t<\/div>\n\t\t\t\t<\/div>\n\t\t\t\t<div class=\"elementor-element elementor-element-12883a9 elementor-widget elementor-widget-text-editor\" data-id=\"12883a9\" data-element_type=\"widget\" data-widget_type=\"text-editor.default\">\n\t\t\t\t<div class=\"elementor-widget-container\">\n\t\t\t\t\t\t\t<p><img fetchpriority=\"high\" decoding=\"async\" class=\"size-medium wp-image-1240 alignright\" src=\"https:\/\/amtexinsurance.com\/wp-content\/uploads\/2023\/09\/1000001724-300x226.jpg\" alt=\"amtex-insurance-odessa-tx\" width=\"300\" height=\"226\" srcset=\"https:\/\/amtexinsurance.com\/wp-content\/uploads\/2023\/09\/1000001724-300x226.jpg 300w, https:\/\/amtexinsurance.com\/wp-content\/uploads\/2023\/09\/1000001724-1024x771.jpg 1024w, https:\/\/amtexinsurance.com\/wp-content\/uploads\/2023\/09\/1000001724-768x578.jpg 768w, https:\/\/amtexinsurance.com\/wp-content\/uploads\/2023\/09\/1000001724-1536x1157.jpg 1536w, https:\/\/amtexinsurance.com\/wp-content\/uploads\/2023\/09\/1000001724-2048x1542.jpg 2048w, https:\/\/amtexinsurance.com\/wp-content\/uploads\/2023\/09\/1000001724-16x12.jpg 16w\" sizes=\"(max-width: 300px) 100vw, 300px\" \/><\/p><p>Odessa se encuentra en el oeste de Texas. Odessa es conocida por su cultura vaquera, la legi\u00f3n de plataformas petrol\u00edferas que se alzan sobre llanuras polvorientas. Adem\u00e1s, Friday Night Lights. El libro de f\u00fatbol y la pel\u00edcula que se bas\u00f3 en un equipo local de Odessa. Un costo de vida asequible y un desempleo muy bajo hacen que Odessa sea deseable para vivir. Por lo tanto, los residentes y los conductores buscan un seguro de autom\u00f3vil asequible. Como resultado, Amtex Insurance est\u00e1 aqu\u00ed para servirle con sus necesidades y presupuesto de seguros.\u00a0<\/p><p>Elegir el seguro de auto correcto en Odessa, TX no deber\u00eda ser dif\u00edcil. Sin embargo, para muchos conductores en Odessa, Texas, se sienten abrumados por la cantidad de opciones que se encuentran en l\u00ednea. Por lo tanto, esta es una de las razones por las que muchos clientes han elegido <a href=\"https:\/\/amtexinsurance.com\/es\/\">Seguro de Auto Amtex<\/a> como su proveedor. Los clientes no tienen tiempo de investigar cada uno para encontrar la mejor cobertura. Adem\u00e1s, la tarifa de seguro de auto m\u00e1s barata en Odessa, TX. Con muchos descuentos disponibles, el cliente podr\u00eda ser elegible para no tener un bono de seguro. Por lo tanto, es importante verificar los planes de cobertura individuales antes de comprar uno nuevo. En conclusi\u00f3n, revisa las p\u00f3lizas de seguro de auto disponibles, compara y comienza a ahorrar.<\/p>\t\t\t\t\t\t<\/div>\n\t\t\t\t<\/div>\n\t\t\t\t<div class=\"elementor-element elementor-element-610601d elementor-widget elementor-widget-heading\" data-id=\"610601d\" data-element_type=\"widget\" data-widget_type=\"heading.default\">\n\t\t\t\t<div class=\"elementor-widget-container\">\n\t\t\t<h2 class=\"elementor-heading-title elementor-size-default\">Nuestros Ubicaciones<\/h2>\t\t<\/div>\n\t\t\t\t<\/div>\n\t\t\t\t<div class=\"elementor-element elementor-element-8196ce8 elementor-icon-list--layout-inline elementor-list-item-link-full_width elementor-widget elementor-widget-icon-list\" data-id=\"8196ce8\" data-element_type=\"widget\" data-widget_type=\"icon-list.default\">\n\t\t\t\t<div class=\"elementor-widget-container\">\n\t\t\t\t\t<ul class=\"elementor-icon-list-items elementor-inline-items\">\n\t\t\t\t\t\t\t<li class=\"elementor-icon-list-item elementor-inline-item\">\n\t\t\t\t\t\t\t\t\t\t\t<a href=\"https:\/\/amtexinsurance.com\/es\/1629-e-8th-st-odessa-tx-79761\/\">\n\n\t\t\t\t\t\t\t\t\t\t\t\t<span class=\"elementor-icon-list-icon\">\n\t\t\t\t\t\t\t<i aria-hidden=\"true\" class=\"fas fa-map-marker-alt\"><\/i>\t\t\t\t\t\t<\/span>\n\t\t\t\t\t\t\t\t\t\t<span class=\"elementor-icon-list-text\">1629 E. 8TH ST. ODESSA, TX 79761<\/span>\n\t\t\t\t\t\t\t\t\t\t\t<\/a>\n\t\t\t\t\t\t\t\t\t<\/li>\n\t\t\t\t\t\t\t\t<li class=\"elementor-icon-list-item elementor-inline-item\">\n\t\t\t\t\t\t\t\t\t\t\t<a href=\"https:\/\/amtexinsurance.com\/es\/1806-n-county-rd-w-odessa-tx-79763\/\">\n\n\t\t\t\t\t\t\t\t\t\t\t\t<span class=\"elementor-icon-list-icon\">\n\t\t\t\t\t\t\t<i aria-hidden=\"true\" class=\"fas fa-map-marker-alt\"><\/i>\t\t\t\t\t\t<\/span>\n\t\t\t\t\t\t\t\t\t\t<span class=\"elementor-icon-list-text\">1806 N. COUNTY RD. W. ODESSA, TX 79763<\/span>\n\t\t\t\t\t\t\t\t\t\t\t<\/a>\n\t\t\t\t\t\t\t\t\t<\/li>\n\t\t\t\t\t\t<\/ul>\n\t\t\t\t<\/div>\n\t\t\t\t<\/div>\n\t\t\t\t\t<\/div>\n\t\t<\/div>\n\t\t\t\t\t<\/div>\n\t\t<\/section>\n\t\t\t\t\t<\/div>\n\t\t<\/div>\n\t\t\t\t\t<\/div>\n\t\t<\/section>\n\t\t\t\t<\/div>","protected":false},"excerpt":{"rendered":"<p>Amtex Insurance in Odessa, Texas Odessa is located in western Texas. Odessa is known for its cowboy culture, the legion of oil rigs that stand on top of dusty plains. In addition, Friday Night Lights. The football book and movie that was based on a local Odessa team. An affordable cost of living and very [&hellip;]<\/p>\n","protected":false},"author":2,"featured_media":0,"parent":0,"menu_order":0,"comment_status":"closed","ping_status":"closed","template":"elementor_header_footer","meta":{"_monsterinsights_skip_tracking":false,"_monsterinsights_sitenote_active":false,"_monsterinsights_sitenote_note":"","_monsterinsights_sitenote_category":0,"footnotes":""},"class_list":["post-174","page","type-page","status-publish","hentry"],"yoast_head":"<!-- This site is optimized with the Yoast SEO Premium plugin v22.1 (Yoast SEO v27.3) - https:\/\/yoast.com\/product\/yoast-seo-premium-wordpress\/ -->\n<title>Auto Insurance Odessa TX - Amtex Insurance - Cheap Car Insurance<\/title>\n<meta name=\"description\" content=\"At Amtex Insurance, we provide auto insurance for Odessa, TX drivers. Buy a policy, get free car insurance quote online, or visit our office.\" \/>\n<meta name=\"robots\" content=\"index, follow, max-snippet:-1, max-image-preview:large, max-video-preview:-1\" \/>\n<link rel=\"canonical\" href=\"https:\/\/amtexinsurance.com\/es\/seguro-de-auto-odessa-tx\/\" \/>\n<meta property=\"og:locale\" content=\"es_MX\" \/>\n<meta property=\"og:type\" content=\"article\" \/>\n<meta property=\"og:title\" content=\"Auto Insurance Odessa TX\" \/>\n<meta property=\"og:description\" content=\"Amtex Insurance in Odessa, Texas Odessa is located in western Texas. Odessa is known for its cowboy culture, the legion of oil rigs that stand on top of\" \/>\n<meta property=\"og:url\" content=\"https:\/\/amtexinsurance.com\/es\/seguro-de-auto-odessa-tx\/\" \/>\n<meta property=\"og:site_name\" content=\"Amtex Insurance\" \/>\n<meta property=\"article:publisher\" content=\"https:\/\/www.facebook.com\/amtexinsurance\/\" \/>\n<meta property=\"article:modified_time\" content=\"2025-08-29T21:15:47+00:00\" \/>\n<meta property=\"og:image\" content=\"https:\/\/amtexinsurance.com\/wp-content\/uploads\/2023\/09\/1000001724-scaled.jpg\" \/>\n\t<meta property=\"og:image:width\" content=\"2560\" \/>\n\t<meta property=\"og:image:height\" content=\"1928\" \/>\n\t<meta property=\"og:image:type\" content=\"image\/jpeg\" \/>\n<meta name=\"twitter:card\" content=\"summary_large_image\" \/>\n<meta name=\"twitter:site\" content=\"@amtexinsurance\" \/>\n<meta name=\"twitter:label1\" content=\"Tiempo de lectura\" \/>\n\t<meta name=\"twitter:data1\" content=\"2 minutos\" \/>\n<script type=\"application\/ld+json\" class=\"yoast-schema-graph\">{\"@context\":\"https:\\\/\\\/schema.org\",\"@graph\":[{\"@type\":\"WebPage\",\"@id\":\"https:\\\/\\\/amtexinsurance.com\\\/auto-insurance-odessa-tx\\\/\",\"url\":\"https:\\\/\\\/amtexinsurance.com\\\/auto-insurance-odessa-tx\\\/\",\"name\":\"Auto Insurance Odessa TX - Amtex Insurance - Cheap Car Insurance\",\"isPartOf\":{\"@id\":\"https:\\\/\\\/amtexinsurance.com\\\/#website\"},\"primaryImageOfPage\":{\"@id\":\"https:\\\/\\\/amtexinsurance.com\\\/auto-insurance-odessa-tx\\\/#primaryimage\"},\"image\":{\"@id\":\"https:\\\/\\\/amtexinsurance.com\\\/auto-insurance-odessa-tx\\\/#primaryimage\"},\"thumbnailUrl\":\"https:\\\/\\\/amtexinsurance.com\\\/wp-content\\\/uploads\\\/2023\\\/09\\\/1000001724-300x226.jpg\",\"datePublished\":\"2020-12-05T09:51:39+00:00\",\"dateModified\":\"2025-08-29T21:15:47+00:00\",\"description\":\"At Amtex Insurance, we provide auto insurance for Odessa, TX drivers. Buy a policy, get free car insurance quote online, or visit our office.\",\"breadcrumb\":{\"@id\":\"https:\\\/\\\/amtexinsurance.com\\\/auto-insurance-odessa-tx\\\/#breadcrumb\"},\"inLanguage\":\"es\",\"potentialAction\":[{\"@type\":\"ReadAction\",\"target\":[\"https:\\\/\\\/amtexinsurance.com\\\/auto-insurance-odessa-tx\\\/\"]}]},{\"@type\":\"ImageObject\",\"inLanguage\":\"es\",\"@id\":\"https:\\\/\\\/amtexinsurance.com\\\/auto-insurance-odessa-tx\\\/#primaryimage\",\"url\":\"https:\\\/\\\/amtexinsurance.com\\\/wp-content\\\/uploads\\\/2023\\\/09\\\/1000001724-300x226.jpg\",\"contentUrl\":\"https:\\\/\\\/amtexinsurance.com\\\/wp-content\\\/uploads\\\/2023\\\/09\\\/1000001724-300x226.jpg\"},{\"@type\":\"BreadcrumbList\",\"@id\":\"https:\\\/\\\/amtexinsurance.com\\\/auto-insurance-odessa-tx\\\/#breadcrumb\",\"itemListElement\":[{\"@type\":\"ListItem\",\"position\":1,\"name\":\"Home\",\"item\":\"https:\\\/\\\/amtexinsurance.com\\\/\"},{\"@type\":\"ListItem\",\"position\":2,\"name\":\"Auto Insurance Odessa TX\"}]},{\"@type\":\"WebSite\",\"@id\":\"https:\\\/\\\/amtexinsurance.com\\\/#website\",\"url\":\"https:\\\/\\\/amtexinsurance.com\\\/\",\"name\":\"Amtex Insurance\",\"description\":\"Auto, Home and Commercial Insurance\",\"publisher\":{\"@id\":\"https:\\\/\\\/amtexinsurance.com\\\/#organization\"},\"potentialAction\":[{\"@type\":\"SearchAction\",\"target\":{\"@type\":\"EntryPoint\",\"urlTemplate\":\"https:\\\/\\\/amtexinsurance.com\\\/?s={search_term_string}\"},\"query-input\":{\"@type\":\"PropertyValueSpecification\",\"valueRequired\":true,\"valueName\":\"search_term_string\"}}],\"inLanguage\":\"es\"},{\"@type\":\"Organization\",\"@id\":\"https:\\\/\\\/amtexinsurance.com\\\/#organization\",\"name\":\"Amtex Insurance\",\"url\":\"https:\\\/\\\/amtexinsurance.com\\\/\",\"logo\":{\"@type\":\"ImageObject\",\"inLanguage\":\"es\",\"@id\":\"https:\\\/\\\/amtexinsurance.com\\\/#\\\/schema\\\/logo\\\/image\\\/\",\"url\":\"https:\\\/\\\/amtexinsurance.com\\\/wp-content\\\/uploads\\\/2020\\\/12\\\/AMTEX-NEW-LOGO-2019-1-1.jpg\",\"contentUrl\":\"https:\\\/\\\/amtexinsurance.com\\\/wp-content\\\/uploads\\\/2020\\\/12\\\/AMTEX-NEW-LOGO-2019-1-1.jpg\",\"width\":500,\"height\":146,\"caption\":\"Amtex Insurance\"},\"image\":{\"@id\":\"https:\\\/\\\/amtexinsurance.com\\\/#\\\/schema\\\/logo\\\/image\\\/\"},\"sameAs\":[\"https:\\\/\\\/www.facebook.com\\\/amtexinsurance\\\/\",\"https:\\\/\\\/x.com\\\/amtexinsurance\",\"https:\\\/\\\/www.instagram.com\\\/amtexinsurance\",\"https:\\\/\\\/www.linkedin.com\\\/in\\\/amtexinsurance\\\/\",\"https:\\\/\\\/www.youtube.com\\\/channel\\\/UCqaAzLfxHThpNbBx_egb7sw\"]}]}<\/script>\n<!-- \/ Yoast SEO Premium plugin. -->","yoast_head_json":{"title":"Seguro de Auto en Odessa TX - Amtex Insurance - Seguro de Auto Econ\u00f3mico","description":"En Amtex Insurance, brindamos seguro de auto para Odessa, TX. Compre una p\u00f3liza, obtenga una cotizaci\u00f3n de seguro de autom\u00f3vil gratis en l\u00ednea.","robots":{"index":"index","follow":"follow","max-snippet":"max-snippet:-1","max-image-preview":"max-image-preview:large","max-video-preview":"max-video-preview:-1"},"canonical":"https:\/\/amtexinsurance.com\/es\/seguro-de-auto-odessa-tx\/","og_locale":"es_MX","og_type":"article","og_title":"Auto Insurance Odessa TX","og_description":"Amtex Insurance in Odessa, Texas Odessa is located in western Texas. Odessa is known for its cowboy culture, the legion of oil rigs that stand on top of","og_url":"https:\/\/amtexinsurance.com\/es\/seguro-de-auto-odessa-tx\/","og_site_name":"Amtex Insurance","article_publisher":"https:\/\/www.facebook.com\/amtexinsurance\/","article_modified_time":"2025-08-29T21:15:47+00:00","og_image":[{"width":2560,"height":1928,"url":"https:\/\/amtexinsurance.com\/wp-content\/uploads\/2023\/09\/1000001724-scaled.jpg","type":"image\/jpeg"}],"twitter_card":"summary_large_image","twitter_site":"@amtexinsurance","twitter_misc":{"Tiempo de lectura":"2 minutos"},"schema":{"@context":"https:\/\/schema.org","@graph":[{"@type":"WebPage","@id":"https:\/\/amtexinsurance.com\/auto-insurance-odessa-tx\/","url":"https:\/\/amtexinsurance.com\/auto-insurance-odessa-tx\/","name":"Seguro de Auto en Odessa TX - Amtex Insurance - Seguro de Auto Econ\u00f3mico","isPartOf":{"@id":"https:\/\/amtexinsurance.com\/#website"},"primaryImageOfPage":{"@id":"https:\/\/amtexinsurance.com\/auto-insurance-odessa-tx\/#primaryimage"},"image":{"@id":"https:\/\/amtexinsurance.com\/auto-insurance-odessa-tx\/#primaryimage"},"thumbnailUrl":"https:\/\/amtexinsurance.com\/wp-content\/uploads\/2023\/09\/1000001724-300x226.jpg","datePublished":"2020-12-05T09:51:39+00:00","dateModified":"2025-08-29T21:15:47+00:00","description":"En Amtex Insurance, brindamos seguro de auto para Odessa, TX. Compre una p\u00f3liza, obtenga una cotizaci\u00f3n de seguro de autom\u00f3vil gratis en l\u00ednea.","breadcrumb":{"@id":"https:\/\/amtexinsurance.com\/auto-insurance-odessa-tx\/#breadcrumb"},"inLanguage":"es","potentialAction":[{"@type":"ReadAction","target":["https:\/\/amtexinsurance.com\/auto-insurance-odessa-tx\/"]}]},{"@type":"ImageObject","inLanguage":"es","@id":"https:\/\/amtexinsurance.com\/auto-insurance-odessa-tx\/#primaryimage","url":"https:\/\/amtexinsurance.com\/wp-content\/uploads\/2023\/09\/1000001724-300x226.jpg","contentUrl":"https:\/\/amtexinsurance.com\/wp-content\/uploads\/2023\/09\/1000001724-300x226.jpg"},{"@type":"BreadcrumbList","@id":"https:\/\/amtexinsurance.com\/auto-insurance-odessa-tx\/#breadcrumb","itemListElement":[{"@type":"ListItem","position":1,"name":"Home","item":"https:\/\/amtexinsurance.com\/"},{"@type":"ListItem","position":2,"name":"Auto Insurance Odessa TX"}]},{"@type":"WebSite","@id":"https:\/\/amtexinsurance.com\/#website","url":"https:\/\/amtexinsurance.com\/","name":"Amtex Insurance","description":"Auto, Home and Commercial Insurance","publisher":{"@id":"https:\/\/amtexinsurance.com\/#organization"},"potentialAction":[{"@type":"SearchAction","target":{"@type":"EntryPoint","urlTemplate":"https:\/\/amtexinsurance.com\/?s={search_term_string}"},"query-input":{"@type":"PropertyValueSpecification","valueRequired":true,"valueName":"search_term_string"}}],"inLanguage":"es"},{"@type":"Organization","@id":"https:\/\/amtexinsurance.com\/#organization","name":"Amtex Insurance","url":"https:\/\/amtexinsurance.com\/","logo":{"@type":"ImageObject","inLanguage":"es","@id":"https:\/\/amtexinsurance.com\/#\/schema\/logo\/image\/","url":"https:\/\/amtexinsurance.com\/wp-content\/uploads\/2020\/12\/AMTEX-NEW-LOGO-2019-1-1.jpg","contentUrl":"https:\/\/amtexinsurance.com\/wp-content\/uploads\/2020\/12\/AMTEX-NEW-LOGO-2019-1-1.jpg","width":500,"height":146,"caption":"Amtex Insurance"},"image":{"@id":"https:\/\/amtexinsurance.com\/#\/schema\/logo\/image\/"},"sameAs":["https:\/\/www.facebook.com\/amtexinsurance\/","https:\/\/x.com\/amtexinsurance","https:\/\/www.instagram.com\/amtexinsurance","https:\/\/www.linkedin.com\/in\/amtexinsurance\/","https:\/\/www.youtube.com\/channel\/UCqaAzLfxHThpNbBx_egb7sw"]}]}},"_links":{"self":[{"href":"https:\/\/amtexinsurance.com\/es\/wp-json\/wp\/v2\/pages\/174","targetHints":{"allow":["GET"]}}],"collection":[{"href":"https:\/\/amtexinsurance.com\/es\/wp-json\/wp\/v2\/pages"}],"about":[{"href":"https:\/\/amtexinsurance.com\/es\/wp-json\/wp\/v2\/types\/page"}],"author":[{"embeddable":true,"href":"https:\/\/amtexinsurance.com\/es\/wp-json\/wp\/v2\/users\/2"}],"replies":[{"embeddable":true,"href":"https:\/\/amtexinsurance.com\/es\/wp-json\/wp\/v2\/comments?post=174"}],"version-history":[{"count":0,"href":"https:\/\/amtexinsurance.com\/es\/wp-json\/wp\/v2\/pages\/174\/revisions"}],"wp:attachment":[{"href":"https:\/\/amtexinsurance.com\/es\/wp-json\/wp\/v2\/media?parent=174"}],"curies":[{"name":"wp","href":"https:\/\/api.w.org\/{rel}","templated":true}]}}