{"id":194,"date":"2020-12-05T10:26:16","date_gmt":"2020-12-05T10:26:16","guid":{"rendered":"https:\/\/amtexinsurance.com\/?page_id=194"},"modified":"2025-01-08T20:51:43","modified_gmt":"2025-01-08T20:51:43","slug":"seguro-de-auto-san-antonio-tx","status":"publish","type":"page","link":"https:\/\/amtexinsurance.com\/es\/auto-insurance-san-antonio-tx\/","title":{"rendered":"Seguro De Auto San Antonio TX"},"content":{"rendered":"<div data-elementor-type=\"wp-page\" data-elementor-id=\"194\" class=\"elementor elementor-194\" data-elementor-settings=\"{&quot;ha_cmc_init_switcher&quot;:&quot;no&quot;}\">\n\t\t\t\t\t\t<section class=\"elementor-section elementor-top-section elementor-element elementor-element-5c8de70 elementor-section-full_width elementor-section-height-min-height elementor-section-content-middle elementor-section-height-default elementor-section-items-middle\" data-id=\"5c8de70\" data-element_type=\"section\" data-settings=\"{&quot;background_background&quot;:&quot;classic&quot;,&quot;_ha_eqh_enable&quot;:false}\">\n\t\t\t\t\t\t\t<div class=\"elementor-background-overlay\"><\/div>\n\t\t\t\t\t\t\t<div class=\"elementor-container elementor-column-gap-default\">\n\t\t\t\t\t<div class=\"elementor-column elementor-col-100 elementor-top-column elementor-element elementor-element-a1cc75e\" data-id=\"a1cc75e\" data-element_type=\"column\">\n\t\t\t<div class=\"elementor-widget-wrap elementor-element-populated\">\n\t\t\t\t\t\t<div class=\"elementor-element elementor-element-3ad9254 elementor-align-center elementor-widget elementor-widget-breadcrumbs\" data-id=\"3ad9254\" data-element_type=\"widget\" data-widget_type=\"breadcrumbs.default\">\n\t\t\t\t<div class=\"elementor-widget-container\">\n\t\t\t<p id=\"breadcrumbs\"><span><span><a href=\"https:\/\/amtexinsurance.com\/es\/\">Hogar<\/a><\/span><\/span><\/p>\t\t<\/div>\n\t\t\t\t<\/div>\n\t\t\t\t\t<\/div>\n\t\t<\/div>\n\t\t\t\t\t<\/div>\n\t\t<\/section>\n\t\t\t\t<section class=\"elementor-section elementor-top-section elementor-element elementor-element-ff756f3 elementor-section-full_width elementor-section-height-default elementor-section-height-default\" data-id=\"ff756f3\" data-element_type=\"section\" data-settings=\"{&quot;_ha_eqh_enable&quot;:false}\">\n\t\t\t\t\t\t<div class=\"elementor-container elementor-column-gap-default\">\n\t\t\t\t\t<div class=\"elementor-column elementor-col-100 elementor-top-column elementor-element elementor-element-5307bab\" data-id=\"5307bab\" data-element_type=\"column\">\n\t\t\t<div class=\"elementor-widget-wrap elementor-element-populated\">\n\t\t\t\t\t\t<section class=\"elementor-section elementor-inner-section elementor-element elementor-element-ab2d660 elementor-section-boxed elementor-section-height-default elementor-section-height-default\" data-id=\"ab2d660\" data-element_type=\"section\" data-settings=\"{&quot;_ha_eqh_enable&quot;:false}\">\n\t\t\t\t\t\t<div class=\"elementor-container elementor-column-gap-default\">\n\t\t\t\t\t<div class=\"elementor-column elementor-col-100 elementor-inner-column elementor-element elementor-element-b0281e9\" data-id=\"b0281e9\" data-element_type=\"column\">\n\t\t\t<div class=\"elementor-widget-wrap elementor-element-populated\">\n\t\t\t\t\t\t<div class=\"elementor-element elementor-element-b176e15 elementor-widget elementor-widget-heading\" data-id=\"b176e15\" data-element_type=\"widget\" data-widget_type=\"heading.default\">\n\t\t\t\t<div class=\"elementor-widget-container\">\n\t\t\t<h2 class=\"elementor-heading-title elementor-size-default\">Seguro Amtex en San Antonio, Texas<\/h2>\t\t<\/div>\n\t\t\t\t<\/div>\n\t\t\t\t<div class=\"elementor-element elementor-element-738c58e elementor-widget elementor-widget-text-editor\" data-id=\"738c58e\" data-element_type=\"widget\" data-widget_type=\"text-editor.default\">\n\t\t\t\t<div class=\"elementor-widget-container\">\n\t\t\t\t\t\t\t<p><img fetchpriority=\"high\" decoding=\"async\" class=\"size-medium wp-image-1059 alignright\" src=\"https:\/\/amtexinsurance.com\/wp-content\/uploads\/2021\/02\/San-Antonio-300x176.jpg\" alt=\"auto insurance San Antonio TX\" width=\"300\" height=\"176\" srcset=\"https:\/\/amtexinsurance.com\/wp-content\/uploads\/2021\/02\/San-Antonio-300x176.jpg 300w, https:\/\/amtexinsurance.com\/wp-content\/uploads\/2021\/02\/San-Antonio.jpg 600w\" sizes=\"(max-width: 300px) 100vw, 300px\" \/><\/p><p>San Antonio, Texas es la segunda ciudad m\u00e1s poblada del estado. Es conocido por su famoso River Walk donde tanto los residentes como los turistas visitan anualmente. Adem\u00e1s, The Alamo, ubicado en el centro, es la principal atracci\u00f3n tur\u00edstica de Texas. El tr\u00e1fico en San Antonio se considera pesado debido a su tama\u00f1o. Por lo tanto, los conductores en San Antonio tienen un mayor riesgo de accidentes y colisiones. Es importante que los conductores se aseguren de tener los requisitos m\u00ednimos de cobertura para el seguro de autom\u00f3vil. En Amtex Insurance, recibir\u00e1 un servicio al cliente de calidad y tarifas de seguro asequibles. Adem\u00e1s, tambi\u00e9n ofrecemos seguro SR-22 para aquellos conductores con infracciones graves. Cont\u00e1ctenos hoy para una cotizaci\u00f3n de seguro gratis.<\/p><p>Elegir un seguro de autom\u00f3vil en San Antonio, TX deber\u00eda ser f\u00e1cil. Sin embargo, los conductores en San Antonio, Texas, se sienten abrumados por la cantidad de empresas que se encuentran en l\u00ednea. Por lo tanto, esta es una de las razones por las que muchos clientes han elegido <a href=\"https:\/\/amtexinsurance.com\/es\/\">Seguro de Auto Amtex<\/a> como su proveedor. Los clientes no tienen tiempo de investigar cada uno para encontrar la mejor cobertura. Adem\u00e1s, al precio de seguro de auto m\u00e1s barato de San Antonio, TX. Con muchas ofertas disponibles, el cliente podr\u00eda ser elegible para no tener un bono de seguro. Por lo tanto, es importante verificar los planes de cobertura individuales antes de comprar uno nuevo. En conclusi\u00f3n, revisa las p\u00f3lizas de seguro de auto, compara y comienza a ahorrar ahora.<\/p>\t\t\t\t\t\t<\/div>\n\t\t\t\t<\/div>\n\t\t\t\t<div class=\"elementor-element elementor-element-1a70a61 elementor-widget elementor-widget-heading\" data-id=\"1a70a61\" data-element_type=\"widget\" data-widget_type=\"heading.default\">\n\t\t\t\t<div class=\"elementor-widget-container\">\n\t\t\t<h2 class=\"elementor-heading-title elementor-size-default\">Nuestros Ubicaciones<\/h2>\t\t<\/div>\n\t\t\t\t<\/div>\n\t\t\t\t<section class=\"elementor-section elementor-inner-section elementor-element elementor-element-e290b97 elementor-section-boxed elementor-section-height-default elementor-section-height-default\" data-id=\"e290b97\" data-element_type=\"section\" data-settings=\"{&quot;_ha_eqh_enable&quot;:false}\">\n\t\t\t\t\t\t<div class=\"elementor-container elementor-column-gap-default\">\n\t\t\t\t\t<div class=\"elementor-column elementor-col-50 elementor-inner-column elementor-element elementor-element-77c3f0c\" data-id=\"77c3f0c\" data-element_type=\"column\">\n\t\t\t<div class=\"elementor-widget-wrap elementor-element-populated\">\n\t\t\t\t\t\t<div class=\"elementor-element elementor-element-5552831 elementor-icon-list--layout-inline elementor-list-item-link-full_width elementor-widget elementor-widget-icon-list\" data-id=\"5552831\" data-element_type=\"widget\" data-widget_type=\"icon-list.default\">\n\t\t\t\t<div class=\"elementor-widget-container\">\n\t\t\t\t\t<ul class=\"elementor-icon-list-items elementor-inline-items\">\n\t\t\t\t\t\t\t<li class=\"elementor-icon-list-item elementor-inline-item\">\n\t\t\t\t\t\t\t\t\t\t\t<a href=\"https:\/\/amtexinsurance.com\/es\/1602-sw-military-dr-san-antonio-tx-78221\/\">\n\n\t\t\t\t\t\t\t\t\t\t\t\t<span class=\"elementor-icon-list-icon\">\n\t\t\t\t\t\t\t<i aria-hidden=\"true\" class=\"fas fa-map-marker-alt\"><\/i>\t\t\t\t\t\t<\/span>\n\t\t\t\t\t\t\t\t\t\t<span class=\"elementor-icon-list-text\">1602 SW MILITARY DR SAN ANTONIO, TX 78221<\/span>\n\t\t\t\t\t\t\t\t\t\t\t<\/a>\n\t\t\t\t\t\t\t\t\t<\/li>\n\t\t\t\t\t\t\t\t<li class=\"elementor-icon-list-item elementor-inline-item\">\n\t\t\t\t\t\t\t\t\t\t\t<a href=\"https:\/\/amtexinsurance.com\/es\/5502-blanco-rd-3-san-antonio-tx-78216\/\">\n\n\t\t\t\t\t\t\t\t\t\t\t\t<span class=\"elementor-icon-list-icon\">\n\t\t\t\t\t\t\t<i aria-hidden=\"true\" class=\"fas fa-map-marker-alt\"><\/i>\t\t\t\t\t\t<\/span>\n\t\t\t\t\t\t\t\t\t\t<span class=\"elementor-icon-list-text\">5502 BLANCO RD #3 SAN ANTONIO, TX 78216<\/span>\n\t\t\t\t\t\t\t\t\t\t\t<\/a>\n\t\t\t\t\t\t\t\t\t<\/li>\n\t\t\t\t\t\t\t\t<li class=\"elementor-icon-list-item elementor-inline-item\">\n\t\t\t\t\t\t\t\t\t\t\t<a href=\"https:\/\/amtexinsurance.com\/es\/8725-marbach-rd-ste-205-san-antonio-tx-78227\/\">\n\n\t\t\t\t\t\t\t\t\t\t\t\t<span class=\"elementor-icon-list-icon\">\n\t\t\t\t\t\t\t<i aria-hidden=\"true\" class=\"fas fa-map-marker-alt\"><\/i>\t\t\t\t\t\t<\/span>\n\t\t\t\t\t\t\t\t\t\t<span class=\"elementor-icon-list-text\">8725 MARBACH RD STE 205 SAN ANTONIO, TX 78227<\/span>\n\t\t\t\t\t\t\t\t\t\t\t<\/a>\n\t\t\t\t\t\t\t\t\t<\/li>\n\t\t\t\t\t\t\t\t<li class=\"elementor-icon-list-item elementor-inline-item\">\n\t\t\t\t\t\t\t\t\t\t\t<a href=\"https:\/\/amtexinsurance.com\/es\/12019-perrin-beitel-rd-ste-103-san-antonio-tx-78217\/\">\n\n\t\t\t\t\t\t\t\t\t\t\t\t<span class=\"elementor-icon-list-icon\">\n\t\t\t\t\t\t\t<i aria-hidden=\"true\" class=\"fas fa-map-marker-alt\"><\/i>\t\t\t\t\t\t<\/span>\n\t\t\t\t\t\t\t\t\t\t<span class=\"elementor-icon-list-text\">12019 PERRIN BEITEL RD. STE. 103 SAN ANTONIO, TX 78217<\/span>\n\t\t\t\t\t\t\t\t\t\t\t<\/a>\n\t\t\t\t\t\t\t\t\t<\/li>\n\t\t\t\t\t\t<\/ul>\n\t\t\t\t<\/div>\n\t\t\t\t<\/div>\n\t\t\t\t\t<\/div>\n\t\t<\/div>\n\t\t\t\t<div class=\"elementor-column elementor-col-50 elementor-inner-column elementor-element elementor-element-0d3f008\" data-id=\"0d3f008\" data-element_type=\"column\">\n\t\t\t<div class=\"elementor-widget-wrap elementor-element-populated\">\n\t\t\t\t\t\t<div class=\"elementor-element elementor-element-445f5b0 elementor-icon-list--layout-inline elementor-list-item-link-full_width elementor-widget elementor-widget-icon-list\" data-id=\"445f5b0\" data-element_type=\"widget\" data-widget_type=\"icon-list.default\">\n\t\t\t\t<div class=\"elementor-widget-container\">\n\t\t\t\t\t<ul class=\"elementor-icon-list-items elementor-inline-items\">\n\t\t\t\t\t\t\t<li class=\"elementor-icon-list-item elementor-inline-item\">\n\t\t\t\t\t\t\t\t\t\t\t<a href=\"https:\/\/amtexinsurance.com\/es\/4437-fredericksburg-rd-san-antonio-tx-78201\/\">\n\n\t\t\t\t\t\t\t\t\t\t\t\t<span class=\"elementor-icon-list-icon\">\n\t\t\t\t\t\t\t<i aria-hidden=\"true\" class=\"fas fa-map-marker-alt\"><\/i>\t\t\t\t\t\t<\/span>\n\t\t\t\t\t\t\t\t\t\t<span class=\"elementor-icon-list-text\">4437 FREDERICKSBURG RD SAN ANTONIO, TX 78201<\/span>\n\t\t\t\t\t\t\t\t\t\t\t<\/a>\n\t\t\t\t\t\t\t\t\t<\/li>\n\t\t\t\t\t\t\t\t<li class=\"elementor-icon-list-item elementor-inline-item\">\n\t\t\t\t\t\t\t\t\t\t\t<a href=\"https:\/\/amtexinsurance.com\/es\/4933-walzem-rd-102-san-antonio-tx-78218\/\">\n\n\t\t\t\t\t\t\t\t\t\t\t\t<span class=\"elementor-icon-list-icon\">\n\t\t\t\t\t\t\t<i aria-hidden=\"true\" class=\"fas fa-map-marker-alt\"><\/i>\t\t\t\t\t\t<\/span>\n\t\t\t\t\t\t\t\t\t\t<span class=\"elementor-icon-list-text\">4933 WALZEM RD #102 SAN ANTONIO, TX 78218<\/span>\n\t\t\t\t\t\t\t\t\t\t\t<\/a>\n\t\t\t\t\t\t\t\t\t<\/li>\n\t\t\t\t\t\t\t\t<li class=\"elementor-icon-list-item elementor-inline-item\">\n\t\t\t\t\t\t\t\t\t\t\t<a href=\"https:\/\/amtexinsurance.com\/es\/4818-w-commerce-st-san-antonio-tx-78237\/\">\n\n\t\t\t\t\t\t\t\t\t\t\t\t<span class=\"elementor-icon-list-icon\">\n\t\t\t\t\t\t\t<i aria-hidden=\"true\" class=\"fas fa-map-marker-alt\"><\/i>\t\t\t\t\t\t<\/span>\n\t\t\t\t\t\t\t\t\t\t<span class=\"elementor-icon-list-text\">4818 W. COMMERCE ST. SAN ANTONIO, TX 78237<\/span>\n\t\t\t\t\t\t\t\t\t\t\t<\/a>\n\t\t\t\t\t\t\t\t\t<\/li>\n\t\t\t\t\t\t\t\t<li class=\"elementor-icon-list-item elementor-inline-item\">\n\t\t\t\t\t\t\t\t\t\t\t<a href=\"https:\/\/amtexinsurance.com\/es\/1714-s-ww-white-rd-san-antonio-tx-78220\/\">\n\n\t\t\t\t\t\t\t\t\t\t\t\t<span class=\"elementor-icon-list-icon\">\n\t\t\t\t\t\t\t<i aria-hidden=\"true\" class=\"fas fa-map-marker-alt\"><\/i>\t\t\t\t\t\t<\/span>\n\t\t\t\t\t\t\t\t\t\t<span class=\"elementor-icon-list-text\">1714 S. WW WHITE RD. SAN ANTONIO, TX 78220<\/span>\n\t\t\t\t\t\t\t\t\t\t\t<\/a>\n\t\t\t\t\t\t\t\t\t<\/li>\n\t\t\t\t\t\t<\/ul>\n\t\t\t\t<\/div>\n\t\t\t\t<\/div>\n\t\t\t\t\t<\/div>\n\t\t<\/div>\n\t\t\t\t\t<\/div>\n\t\t<\/section>\n\t\t\t\t\t<\/div>\n\t\t<\/div>\n\t\t\t\t\t<\/div>\n\t\t<\/section>\n\t\t\t\t\t<\/div>\n\t\t<\/div>\n\t\t\t\t\t<\/div>\n\t\t<\/section>\n\t\t\t\t<\/div>","protected":false},"excerpt":{"rendered":"<p>Amtex Insurance in San Antonio, Texas San Antonio, Texas is the second most populous city in the state. It is known for its famous River Walk where both residents and tourists visit annually. In addition, The Alamo located in Downtown, is Texas&#8217; top tourist attraction. The traffic in San Antonio is considered heavy due to [&hellip;]<\/p>\n","protected":false},"author":2,"featured_media":0,"parent":0,"menu_order":0,"comment_status":"closed","ping_status":"closed","template":"elementor_header_footer","meta":{"_monsterinsights_skip_tracking":false,"_monsterinsights_sitenote_active":false,"_monsterinsights_sitenote_note":"","_monsterinsights_sitenote_category":0,"footnotes":""},"class_list":["post-194","page","type-page","status-publish","hentry"],"yoast_head":"<!-- This site is optimized with the Yoast SEO Premium plugin v22.1 (Yoast SEO v27.3) - https:\/\/yoast.com\/product\/yoast-seo-premium-wordpress\/ -->\n<title>Auto Insurance San Antonio TX - Amtex Insurance - Cheap Car Insurance<\/title>\n<meta name=\"description\" content=\"Amtex Insurance provides auto insurance for San Antonio, Texas drivers. Buy a policy or get a free car insurance quote online. Contact us now.\" \/>\n<meta name=\"robots\" content=\"index, follow, max-snippet:-1, max-image-preview:large, max-video-preview:-1\" \/>\n<link rel=\"canonical\" href=\"https:\/\/amtexinsurance.com\/es\/seguro-de-auto-san-antonio-tx\/\" \/>\n<meta property=\"og:locale\" content=\"es_MX\" \/>\n<meta property=\"og:type\" content=\"article\" \/>\n<meta property=\"og:title\" content=\"Auto Insurance San Antonio TX\" \/>\n<meta property=\"og:description\" content=\"Amtex Insurance in San Antonio, Texas San Antonio, Texas is the second most populous city in the state. It is known for its famous River Walk where both\" \/>\n<meta property=\"og:url\" content=\"https:\/\/amtexinsurance.com\/es\/seguro-de-auto-san-antonio-tx\/\" \/>\n<meta property=\"og:site_name\" content=\"Amtex Insurance\" \/>\n<meta property=\"article:publisher\" content=\"https:\/\/www.facebook.com\/amtexinsurance\/\" \/>\n<meta property=\"article:modified_time\" content=\"2025-01-08T20:51:43+00:00\" \/>\n<meta property=\"og:image\" content=\"https:\/\/amtexinsurance.com\/wp-content\/uploads\/2021\/02\/San-Antonio-300x176.jpg\" \/>\n<meta name=\"twitter:card\" content=\"summary_large_image\" \/>\n<meta name=\"twitter:site\" content=\"@amtexinsurance\" \/>\n<meta name=\"twitter:label1\" content=\"Tiempo de lectura\" \/>\n\t<meta name=\"twitter:data1\" content=\"2 minutos\" \/>\n<script type=\"application\/ld+json\" class=\"yoast-schema-graph\">{\"@context\":\"https:\\\/\\\/schema.org\",\"@graph\":[{\"@type\":\"WebPage\",\"@id\":\"https:\\\/\\\/amtexinsurance.com\\\/auto-insurance-san-antonio-tx\\\/\",\"url\":\"https:\\\/\\\/amtexinsurance.com\\\/auto-insurance-san-antonio-tx\\\/\",\"name\":\"Auto Insurance San Antonio TX - Amtex Insurance - Cheap Car Insurance\",\"isPartOf\":{\"@id\":\"https:\\\/\\\/amtexinsurance.com\\\/#website\"},\"primaryImageOfPage\":{\"@id\":\"https:\\\/\\\/amtexinsurance.com\\\/auto-insurance-san-antonio-tx\\\/#primaryimage\"},\"image\":{\"@id\":\"https:\\\/\\\/amtexinsurance.com\\\/auto-insurance-san-antonio-tx\\\/#primaryimage\"},\"thumbnailUrl\":\"https:\\\/\\\/amtexinsurance.com\\\/wp-content\\\/uploads\\\/2021\\\/02\\\/San-Antonio-300x176.jpg\",\"datePublished\":\"2020-12-05T10:26:16+00:00\",\"dateModified\":\"2025-01-08T20:51:43+00:00\",\"description\":\"Amtex Insurance provides auto insurance for San Antonio, Texas drivers. Buy a policy or get a free car insurance quote online. Contact us now.\",\"breadcrumb\":{\"@id\":\"https:\\\/\\\/amtexinsurance.com\\\/auto-insurance-san-antonio-tx\\\/#breadcrumb\"},\"inLanguage\":\"es\",\"potentialAction\":[{\"@type\":\"ReadAction\",\"target\":[\"https:\\\/\\\/amtexinsurance.com\\\/auto-insurance-san-antonio-tx\\\/\"]}]},{\"@type\":\"ImageObject\",\"inLanguage\":\"es\",\"@id\":\"https:\\\/\\\/amtexinsurance.com\\\/auto-insurance-san-antonio-tx\\\/#primaryimage\",\"url\":\"https:\\\/\\\/amtexinsurance.com\\\/wp-content\\\/uploads\\\/2021\\\/02\\\/San-Antonio-300x176.jpg\",\"contentUrl\":\"https:\\\/\\\/amtexinsurance.com\\\/wp-content\\\/uploads\\\/2021\\\/02\\\/San-Antonio-300x176.jpg\"},{\"@type\":\"BreadcrumbList\",\"@id\":\"https:\\\/\\\/amtexinsurance.com\\\/auto-insurance-san-antonio-tx\\\/#breadcrumb\",\"itemListElement\":[{\"@type\":\"ListItem\",\"position\":1,\"name\":\"Home\",\"item\":\"https:\\\/\\\/amtexinsurance.com\\\/\"},{\"@type\":\"ListItem\",\"position\":2,\"name\":\"Auto Insurance San Antonio TX\"}]},{\"@type\":\"WebSite\",\"@id\":\"https:\\\/\\\/amtexinsurance.com\\\/#website\",\"url\":\"https:\\\/\\\/amtexinsurance.com\\\/\",\"name\":\"Amtex Insurance\",\"description\":\"Auto, Home and Commercial Insurance\",\"publisher\":{\"@id\":\"https:\\\/\\\/amtexinsurance.com\\\/#organization\"},\"potentialAction\":[{\"@type\":\"SearchAction\",\"target\":{\"@type\":\"EntryPoint\",\"urlTemplate\":\"https:\\\/\\\/amtexinsurance.com\\\/?s={search_term_string}\"},\"query-input\":{\"@type\":\"PropertyValueSpecification\",\"valueRequired\":true,\"valueName\":\"search_term_string\"}}],\"inLanguage\":\"es\"},{\"@type\":\"Organization\",\"@id\":\"https:\\\/\\\/amtexinsurance.com\\\/#organization\",\"name\":\"Amtex Insurance\",\"url\":\"https:\\\/\\\/amtexinsurance.com\\\/\",\"logo\":{\"@type\":\"ImageObject\",\"inLanguage\":\"es\",\"@id\":\"https:\\\/\\\/amtexinsurance.com\\\/#\\\/schema\\\/logo\\\/image\\\/\",\"url\":\"https:\\\/\\\/amtexinsurance.com\\\/wp-content\\\/uploads\\\/2020\\\/12\\\/AMTEX-NEW-LOGO-2019-1-1.jpg\",\"contentUrl\":\"https:\\\/\\\/amtexinsurance.com\\\/wp-content\\\/uploads\\\/2020\\\/12\\\/AMTEX-NEW-LOGO-2019-1-1.jpg\",\"width\":500,\"height\":146,\"caption\":\"Amtex Insurance\"},\"image\":{\"@id\":\"https:\\\/\\\/amtexinsurance.com\\\/#\\\/schema\\\/logo\\\/image\\\/\"},\"sameAs\":[\"https:\\\/\\\/www.facebook.com\\\/amtexinsurance\\\/\",\"https:\\\/\\\/x.com\\\/amtexinsurance\",\"https:\\\/\\\/www.instagram.com\\\/amtexinsurance\",\"https:\\\/\\\/www.linkedin.com\\\/in\\\/amtexinsurance\\\/\",\"https:\\\/\\\/www.youtube.com\\\/channel\\\/UCqaAzLfxHThpNbBx_egb7sw\"]}]}<\/script>\n<!-- \/ Yoast SEO Premium plugin. -->","yoast_head_json":{"title":"Seguro de Auto San Antonio TX - Amtex Insurance - Seguro de Auto Econ\u00f3mico","description":"Amtex Insurance ofrece seguro de auto San Antonio, Texas. Compre una p\u00f3liza u obtenga una cotizaci\u00f3n de seguro de autom\u00f3vil gratis en l\u00ednea.","robots":{"index":"index","follow":"follow","max-snippet":"max-snippet:-1","max-image-preview":"max-image-preview:large","max-video-preview":"max-video-preview:-1"},"canonical":"https:\/\/amtexinsurance.com\/es\/seguro-de-auto-san-antonio-tx\/","og_locale":"es_MX","og_type":"article","og_title":"Auto Insurance San Antonio TX","og_description":"Amtex Insurance in San Antonio, Texas San Antonio, Texas is the second most populous city in the state. It is known for its famous River Walk where both","og_url":"https:\/\/amtexinsurance.com\/es\/seguro-de-auto-san-antonio-tx\/","og_site_name":"Amtex Insurance","article_publisher":"https:\/\/www.facebook.com\/amtexinsurance\/","article_modified_time":"2025-01-08T20:51:43+00:00","og_image":[{"url":"https:\/\/amtexinsurance.com\/wp-content\/uploads\/2021\/02\/San-Antonio-300x176.jpg","type":"","width":"","height":""}],"twitter_card":"summary_large_image","twitter_site":"@amtexinsurance","twitter_misc":{"Tiempo de lectura":"2 minutos"},"schema":{"@context":"https:\/\/schema.org","@graph":[{"@type":"WebPage","@id":"https:\/\/amtexinsurance.com\/auto-insurance-san-antonio-tx\/","url":"https:\/\/amtexinsurance.com\/auto-insurance-san-antonio-tx\/","name":"Seguro de Auto San Antonio TX - Amtex Insurance - Seguro de Auto Econ\u00f3mico","isPartOf":{"@id":"https:\/\/amtexinsurance.com\/#website"},"primaryImageOfPage":{"@id":"https:\/\/amtexinsurance.com\/auto-insurance-san-antonio-tx\/#primaryimage"},"image":{"@id":"https:\/\/amtexinsurance.com\/auto-insurance-san-antonio-tx\/#primaryimage"},"thumbnailUrl":"https:\/\/amtexinsurance.com\/wp-content\/uploads\/2021\/02\/San-Antonio-300x176.jpg","datePublished":"2020-12-05T10:26:16+00:00","dateModified":"2025-01-08T20:51:43+00:00","description":"Amtex Insurance ofrece seguro de auto San Antonio, Texas. Compre una p\u00f3liza u obtenga una cotizaci\u00f3n de seguro de autom\u00f3vil gratis en l\u00ednea.","breadcrumb":{"@id":"https:\/\/amtexinsurance.com\/auto-insurance-san-antonio-tx\/#breadcrumb"},"inLanguage":"es","potentialAction":[{"@type":"ReadAction","target":["https:\/\/amtexinsurance.com\/auto-insurance-san-antonio-tx\/"]}]},{"@type":"ImageObject","inLanguage":"es","@id":"https:\/\/amtexinsurance.com\/auto-insurance-san-antonio-tx\/#primaryimage","url":"https:\/\/amtexinsurance.com\/wp-content\/uploads\/2021\/02\/San-Antonio-300x176.jpg","contentUrl":"https:\/\/amtexinsurance.com\/wp-content\/uploads\/2021\/02\/San-Antonio-300x176.jpg"},{"@type":"BreadcrumbList","@id":"https:\/\/amtexinsurance.com\/auto-insurance-san-antonio-tx\/#breadcrumb","itemListElement":[{"@type":"ListItem","position":1,"name":"Home","item":"https:\/\/amtexinsurance.com\/"},{"@type":"ListItem","position":2,"name":"Auto Insurance San Antonio TX"}]},{"@type":"WebSite","@id":"https:\/\/amtexinsurance.com\/#website","url":"https:\/\/amtexinsurance.com\/","name":"Amtex Insurance","description":"Auto, Home and Commercial Insurance","publisher":{"@id":"https:\/\/amtexinsurance.com\/#organization"},"potentialAction":[{"@type":"SearchAction","target":{"@type":"EntryPoint","urlTemplate":"https:\/\/amtexinsurance.com\/?s={search_term_string}"},"query-input":{"@type":"PropertyValueSpecification","valueRequired":true,"valueName":"search_term_string"}}],"inLanguage":"es"},{"@type":"Organization","@id":"https:\/\/amtexinsurance.com\/#organization","name":"Amtex Insurance","url":"https:\/\/amtexinsurance.com\/","logo":{"@type":"ImageObject","inLanguage":"es","@id":"https:\/\/amtexinsurance.com\/#\/schema\/logo\/image\/","url":"https:\/\/amtexinsurance.com\/wp-content\/uploads\/2020\/12\/AMTEX-NEW-LOGO-2019-1-1.jpg","contentUrl":"https:\/\/amtexinsurance.com\/wp-content\/uploads\/2020\/12\/AMTEX-NEW-LOGO-2019-1-1.jpg","width":500,"height":146,"caption":"Amtex Insurance"},"image":{"@id":"https:\/\/amtexinsurance.com\/#\/schema\/logo\/image\/"},"sameAs":["https:\/\/www.facebook.com\/amtexinsurance\/","https:\/\/x.com\/amtexinsurance","https:\/\/www.instagram.com\/amtexinsurance","https:\/\/www.linkedin.com\/in\/amtexinsurance\/","https:\/\/www.youtube.com\/channel\/UCqaAzLfxHThpNbBx_egb7sw"]}]}},"_links":{"self":[{"href":"https:\/\/amtexinsurance.com\/es\/wp-json\/wp\/v2\/pages\/194","targetHints":{"allow":["GET"]}}],"collection":[{"href":"https:\/\/amtexinsurance.com\/es\/wp-json\/wp\/v2\/pages"}],"about":[{"href":"https:\/\/amtexinsurance.com\/es\/wp-json\/wp\/v2\/types\/page"}],"author":[{"embeddable":true,"href":"https:\/\/amtexinsurance.com\/es\/wp-json\/wp\/v2\/users\/2"}],"replies":[{"embeddable":true,"href":"https:\/\/amtexinsurance.com\/es\/wp-json\/wp\/v2\/comments?post=194"}],"version-history":[{"count":0,"href":"https:\/\/amtexinsurance.com\/es\/wp-json\/wp\/v2\/pages\/194\/revisions"}],"wp:attachment":[{"href":"https:\/\/amtexinsurance.com\/es\/wp-json\/wp\/v2\/media?parent=194"}],"curies":[{"name":"wp","href":"https:\/\/api.w.org\/{rel}","templated":true}]}}